{"id":105,"date":"2025-05-22T18:09:09","date_gmt":"2025-05-22T21:09:09","guid":{"rendered":"http:\/\/contier.com.br\/?page_id=105"},"modified":"2025-06-02T18:45:25","modified_gmt":"2025-06-02T21:45:25","slug":"residencias","status":"publish","type":"page","link":"https:\/\/contier.com.br\/?page_id=105","title":{"rendered":"Resid\u00eancias"},"content":{"rendered":"\t\t<div data-elementor-type=\"wp-page\" data-elementor-id=\"105\" class=\"elementor elementor-105\">\n\t\t\t\t<div class=\"elementor-element elementor-element-750f600 e-con-full e-flex e-con e-parent\" data-id=\"750f600\" data-element_type=\"container\" data-settings=\"{&quot;background_background&quot;:&quot;classic&quot;}\">\n\t\t\t\t<div class=\"elementor-element elementor-element-8a0cc72 elementor-position-top elementor-widget elementor-widget-image-box\" data-id=\"8a0cc72\" data-element_type=\"widget\" data-widget_type=\"image-box.default\">\n\t\t\t\t<div class=\"elementor-widget-container\">\n\t\t\t\t\t<div class=\"elementor-image-box-wrapper\"><figure class=\"elementor-image-box-img\"><img fetchpriority=\"high\" decoding=\"async\" width=\"601\" height=\"629\" src=\"https:\/\/contier.com.br\/wp-content\/uploads\/2025\/05\/SOB-MTG.png\" class=\"attachment-full size-full wp-image-297\" alt=\"\" srcset=\"https:\/\/contier.com.br\/wp-content\/uploads\/2025\/05\/SOB-MTG.png 601w, https:\/\/contier.com.br\/wp-content\/uploads\/2025\/05\/SOB-MTG-287x300.png 287w\" sizes=\"(max-width: 601px) 100vw, 601px\" \/><\/figure><div class=\"elementor-image-box-content\"><h3 class=\"elementor-image-box-title\">Res. R. Hor\u00e1cio Bandieri<\/h3><p class=\"elementor-image-box-description\">Jd. Leonor, S\u00e3o Paulo - SP<\/p><\/div><\/div>\t\t\t\t<\/div>\n\t\t\t\t<\/div>\n\t\t\t\t<div class=\"elementor-element elementor-element-f39384e elementor-position-top elementor-widget elementor-widget-image-box\" data-id=\"f39384e\" data-element_type=\"widget\" data-widget_type=\"image-box.default\">\n\t\t\t\t<div class=\"elementor-widget-container\">\n\t\t\t\t\t<div class=\"elementor-image-box-wrapper\"><figure class=\"elementor-image-box-img\"><img decoding=\"async\" width=\"600\" height=\"629\" src=\"https:\/\/contier.com.br\/wp-content\/uploads\/2025\/05\/CMC-MTG.png\" class=\"attachment-full size-full wp-image-295\" alt=\"\" srcset=\"https:\/\/contier.com.br\/wp-content\/uploads\/2025\/05\/CMC-MTG.png 600w, https:\/\/contier.com.br\/wp-content\/uploads\/2025\/05\/CMC-MTG-286x300.png 286w\" sizes=\"(max-width: 600px) 100vw, 600px\" \/><\/figure><div class=\"elementor-image-box-content\"><h3 class=\"elementor-image-box-title\">Res. R. Leiria<\/h3><p class=\"elementor-image-box-description\">Jd. Lusit\u00e2nia, S\u00e3o Paulo -SP<\/p><\/div><\/div>\t\t\t\t<\/div>\n\t\t\t\t<\/div>\n\t\t\t\t<div class=\"elementor-element elementor-element-4d7631d elementor-position-top elementor-widget elementor-widget-image-box\" data-id=\"4d7631d\" data-element_type=\"widget\" data-widget_type=\"image-box.default\">\n\t\t\t\t<div class=\"elementor-widget-container\">\n\t\t\t\t\t<div class=\"elementor-image-box-wrapper\"><figure class=\"elementor-image-box-img\"><img decoding=\"async\" width=\"601\" height=\"629\" src=\"https:\/\/contier.com.br\/wp-content\/uploads\/2025\/05\/MFL-MTG.png\" class=\"attachment-full size-full wp-image-296\" alt=\"\" srcset=\"https:\/\/contier.com.br\/wp-content\/uploads\/2025\/05\/MFL-MTG.png 601w, https:\/\/contier.com.br\/wp-content\/uploads\/2025\/05\/MFL-MTG-287x300.png 287w\" sizes=\"(max-width: 601px) 100vw, 601px\" \/><\/figure><div class=\"elementor-image-box-content\"><h3 class=\"elementor-image-box-title\">Res. R. Los Angeles<\/h3><p class=\"elementor-image-box-description\">Brooklin, S\u00e3o Paulo - SP<\/p><\/div><\/div>\t\t\t\t<\/div>\n\t\t\t\t<\/div>\n\t\t\t\t<div class=\"elementor-element elementor-element-187020f elementor-position-top elementor-widget elementor-widget-image-box\" data-id=\"187020f\" data-element_type=\"widget\" data-widget_type=\"image-box.default\">\n\t\t\t\t<div class=\"elementor-widget-container\">\n\t\t\t\t\t<div class=\"elementor-image-box-wrapper\"><figure class=\"elementor-image-box-img\"><img loading=\"lazy\" decoding=\"async\" width=\"600\" height=\"629\" src=\"https:\/\/contier.com.br\/wp-content\/uploads\/2025\/05\/VMC-MTG.png\" class=\"attachment-full size-full wp-image-298\" alt=\"\" srcset=\"https:\/\/contier.com.br\/wp-content\/uploads\/2025\/05\/VMC-MTG.png 600w, https:\/\/contier.com.br\/wp-content\/uploads\/2025\/05\/VMC-MTG-286x300.png 286w\" sizes=\"(max-width: 600px) 100vw, 600px\" \/><\/figure><div class=\"elementor-image-box-content\"><h3 class=\"elementor-image-box-title\">Res. R. Silvia Celeste de Campos<\/h3><p class=\"elementor-image-box-description\">Alto de Pinheiros, S\u00e3o Paulo - SP<\/p><\/div><\/div>\t\t\t\t<\/div>\n\t\t\t\t<\/div>\n\t\t\t\t<\/div>\n\t\t\t\t<\/div>\n\t\t","protected":false},"excerpt":{"rendered":"<p>Res. R. Hor\u00e1cio Bandieri Jd. Leonor, S\u00e3o Paulo &#8211; SP Res. R. Leiria Jd. Lusit\u00e2nia, S\u00e3o Paulo -SP Res. R. Los Angeles Brooklin, S\u00e3o Paulo &#8211; SP Res. R. Silvia Celeste de Campos Alto de Pinheiros, S\u00e3o Paulo &#8211; SP<\/p>\n","protected":false},"author":1,"featured_media":0,"parent":0,"menu_order":0,"comment_status":"closed","ping_status":"closed","template":"","meta":{"footnotes":""},"class_list":["post-105","page","type-page","status-publish","hentry"],"_links":{"self":[{"href":"https:\/\/contier.com.br\/index.php?rest_route=\/wp\/v2\/pages\/105","targetHints":{"allow":["GET"]}}],"collection":[{"href":"https:\/\/contier.com.br\/index.php?rest_route=\/wp\/v2\/pages"}],"about":[{"href":"https:\/\/contier.com.br\/index.php?rest_route=\/wp\/v2\/types\/page"}],"author":[{"embeddable":true,"href":"https:\/\/contier.com.br\/index.php?rest_route=\/wp\/v2\/users\/1"}],"replies":[{"embeddable":true,"href":"https:\/\/contier.com.br\/index.php?rest_route=%2Fwp%2Fv2%2Fcomments&post=105"}],"version-history":[{"count":0,"href":"https:\/\/contier.com.br\/index.php?rest_route=\/wp\/v2\/pages\/105\/revisions"}],"wp:attachment":[{"href":"https:\/\/contier.com.br\/index.php?rest_route=%2Fwp%2Fv2%2Fmedia&parent=105"}],"curies":[{"name":"wp","href":"https:\/\/api.w.org\/{rel}","templated":true}]}}