{"id":111,"date":"2025-05-22T18:10:35","date_gmt":"2025-05-22T21:10:35","guid":{"rendered":"http:\/\/contier.com.br\/?page_id=111"},"modified":"2025-05-24T20:50:13","modified_gmt":"2025-05-24T23:50:13","slug":"ed-transportes","status":"publish","type":"page","link":"https:\/\/contier.com.br\/?page_id=111","title":{"rendered":"Ed. Transportes"},"content":{"rendered":"\t\t<div data-elementor-type=\"wp-page\" data-elementor-id=\"111\" class=\"elementor elementor-111\">\n\t\t\t\t<div class=\"elementor-element elementor-element-88c92ba e-con-full e-flex e-con e-parent\" data-id=\"88c92ba\" data-element_type=\"container\" data-settings=\"{&quot;background_background&quot;:&quot;classic&quot;}\">\n\t\t\t\t<div class=\"elementor-element elementor-element-4b37942 elementor-position-top elementor-widget elementor-widget-image-box\" data-id=\"4b37942\" data-element_type=\"widget\" data-widget_type=\"image-box.default\">\n\t\t\t\t<div class=\"elementor-widget-container\">\n\t\t\t\t\t<div class=\"elementor-image-box-wrapper\"><figure class=\"elementor-image-box-img\"><img fetchpriority=\"high\" decoding=\"async\" width=\"603\" height=\"627\" src=\"https:\/\/contier.com.br\/wp-content\/uploads\/2025\/05\/sacoma-MTG.png\" class=\"attachment-full size-full wp-image-315\" alt=\"\" srcset=\"https:\/\/contier.com.br\/wp-content\/uploads\/2025\/05\/sacoma-MTG.png 603w, https:\/\/contier.com.br\/wp-content\/uploads\/2025\/05\/sacoma-MTG-289x300.png 289w\" sizes=\"(max-width: 603px) 100vw, 603px\" \/><\/figure><div class=\"elementor-image-box-content\"><h3 class=\"elementor-image-box-title\">Terminal Sacom\u00e3<\/h3><p class=\"elementor-image-box-description\">Terminal Sacom\u00e3 do Expresso Tiradentes SP <\/p><\/div><\/div>\t\t\t\t<\/div>\n\t\t\t\t<\/div>\n\t\t\t\t<div class=\"elementor-element elementor-element-4959b60 elementor-position-top elementor-widget elementor-widget-image-box\" data-id=\"4959b60\" data-element_type=\"widget\" data-widget_type=\"image-box.default\">\n\t\t\t\t<div class=\"elementor-widget-container\">\n\t\t\t\t\t<div class=\"elementor-image-box-wrapper\"><figure class=\"elementor-image-box-img\"><img decoding=\"async\" width=\"600\" height=\"637\" src=\"https:\/\/contier.com.br\/wp-content\/uploads\/2025\/05\/porto-mtg.png\" class=\"attachment-full size-full wp-image-314\" alt=\"\" srcset=\"https:\/\/contier.com.br\/wp-content\/uploads\/2025\/05\/porto-mtg.png 600w, https:\/\/contier.com.br\/wp-content\/uploads\/2025\/05\/porto-mtg-283x300.png 283w\" sizes=\"(max-width: 600px) 100vw, 600px\" \/><\/figure><div class=\"elementor-image-box-content\"><h3 class=\"elementor-image-box-title\">Porto S\u00e3o Raimundo<\/h3><p class=\"elementor-image-box-description\">Porto S\u00e3o Raimundo Pta. da Pepeta Manaus, AM<\/p><\/div><\/div>\t\t\t\t<\/div>\n\t\t\t\t<\/div>\n\t\t\t\t<div class=\"elementor-element elementor-element-3d7fb83 elementor-position-top elementor-widget elementor-widget-image-box\" data-id=\"3d7fb83\" data-element_type=\"widget\" data-widget_type=\"image-box.default\">\n\t\t\t\t<div class=\"elementor-widget-container\">\n\t\t\t\t\t<div class=\"elementor-image-box-wrapper\"><figure class=\"elementor-image-box-img\"><img decoding=\"async\" width=\"600\" height=\"635\" src=\"https:\/\/contier.com.br\/wp-content\/uploads\/2025\/05\/mono-mtg.png\" class=\"attachment-full size-full wp-image-313\" alt=\"\" srcset=\"https:\/\/contier.com.br\/wp-content\/uploads\/2025\/05\/mono-mtg.png 600w, https:\/\/contier.com.br\/wp-content\/uploads\/2025\/05\/mono-mtg-283x300.png 283w\" sizes=\"(max-width: 600px) 100vw, 600px\" \/><\/figure><div class=\"elementor-image-box-content\"><h3 class=\"elementor-image-box-title\">Esta\u00e7\u00f5es Monotrilho Salvador<\/h3><p class=\"elementor-image-box-description\">Projeto das 28 esta\u00e7\u00f5es do monotrilho de Salvador, desenvolvido com MMBB <\/p><\/div><\/div>\t\t\t\t<\/div>\n\t\t\t\t<\/div>\n\t\t\t\t<\/div>\n\t\t\t\t<\/div>\n\t\t","protected":false},"excerpt":{"rendered":"<p>Terminal Sacom\u00e3 Terminal Sacom\u00e3 do Expresso Tiradentes SP Porto S\u00e3o Raimundo Porto S\u00e3o Raimundo Pta. da Pepeta Manaus, AM Esta\u00e7\u00f5es Monotrilho Salvador Projeto das 28 esta\u00e7\u00f5es do monotrilho de Salvador, desenvolvido com MMBB<\/p>\n","protected":false},"author":1,"featured_media":0,"parent":0,"menu_order":0,"comment_status":"closed","ping_status":"closed","template":"","meta":{"footnotes":""},"class_list":["post-111","page","type-page","status-publish","hentry"],"_links":{"self":[{"href":"https:\/\/contier.com.br\/index.php?rest_route=\/wp\/v2\/pages\/111","targetHints":{"allow":["GET"]}}],"collection":[{"href":"https:\/\/contier.com.br\/index.php?rest_route=\/wp\/v2\/pages"}],"about":[{"href":"https:\/\/contier.com.br\/index.php?rest_route=\/wp\/v2\/types\/page"}],"author":[{"embeddable":true,"href":"https:\/\/contier.com.br\/index.php?rest_route=\/wp\/v2\/users\/1"}],"replies":[{"embeddable":true,"href":"https:\/\/contier.com.br\/index.php?rest_route=%2Fwp%2Fv2%2Fcomments&post=111"}],"version-history":[{"count":0,"href":"https:\/\/contier.com.br\/index.php?rest_route=\/wp\/v2\/pages\/111\/revisions"}],"wp:attachment":[{"href":"https:\/\/contier.com.br\/index.php?rest_route=%2Fwp%2Fv2%2Fmedia&parent=111"}],"curies":[{"name":"wp","href":"https:\/\/api.w.org\/{rel}","templated":true}]}}