{"id":253,"date":"2025-05-24T12:28:05","date_gmt":"2025-05-24T15:28:05","guid":{"rendered":"http:\/\/contier.com.br\/?page_id=253"},"modified":"2025-06-08T19:29:22","modified_gmt":"2025-06-08T22:29:22","slug":"home-2","status":"publish","type":"page","link":"https:\/\/contier.com.br\/","title":{"rendered":"Home"},"content":{"rendered":"\t\t<div data-elementor-type=\"wp-page\" data-elementor-id=\"253\" class=\"elementor elementor-253\">\n\t\t\t\t<div class=\"elementor-element elementor-element-430a02d e-flex e-con-boxed e-con e-parent\" data-id=\"430a02d\" data-element_type=\"container\" data-settings=\"{&quot;background_background&quot;:&quot;classic&quot;}\">\n\t\t\t\t\t<div class=\"e-con-inner\">\n\t\t\t\t<div class=\"elementor-element elementor-element-769a1f3 elementor-widget__width-initial elementor-widget elementor-widget-heading\" data-id=\"769a1f3\" data-element_type=\"widget\" data-widget_type=\"heading.default\">\n\t\t\t\t<div class=\"elementor-widget-container\">\n\t\t\t\t\t<h2 class=\"elementor-heading-title elementor-size-default\">Obras mais baratas, sem aditivos ou erros, s\u00f3 s\u00e3o poss\u00edveis com contrata\u00e7\u00e3o de projetos de qualidade, completos, compatibilizados e contratados a pre\u00e7os justos.\n<\/h2>\t\t\t\t<\/div>\n\t\t\t\t<\/div>\n\t\t\t\t\t<\/div>\n\t\t\t\t<\/div>\n\t\t\t\t<\/div>\n\t\t","protected":false},"excerpt":{"rendered":"<p>Obras mais baratas, sem aditivos ou erros, s\u00f3 s\u00e3o poss\u00edveis com contrata\u00e7\u00e3o de projetos de qualidade, completos, compatibilizados e contratados a pre\u00e7os justos.<\/p>\n","protected":false},"author":1,"featured_media":0,"parent":0,"menu_order":0,"comment_status":"closed","ping_status":"closed","template":"elementor_header_footer","meta":{"footnotes":""},"class_list":["post-253","page","type-page","status-publish","hentry"],"_links":{"self":[{"href":"https:\/\/contier.com.br\/index.php?rest_route=\/wp\/v2\/pages\/253","targetHints":{"allow":["GET"]}}],"collection":[{"href":"https:\/\/contier.com.br\/index.php?rest_route=\/wp\/v2\/pages"}],"about":[{"href":"https:\/\/contier.com.br\/index.php?rest_route=\/wp\/v2\/types\/page"}],"author":[{"embeddable":true,"href":"https:\/\/contier.com.br\/index.php?rest_route=\/wp\/v2\/users\/1"}],"replies":[{"embeddable":true,"href":"https:\/\/contier.com.br\/index.php?rest_route=%2Fwp%2Fv2%2Fcomments&post=253"}],"version-history":[{"count":0,"href":"https:\/\/contier.com.br\/index.php?rest_route=\/wp\/v2\/pages\/253\/revisions"}],"wp:attachment":[{"href":"https:\/\/contier.com.br\/index.php?rest_route=%2Fwp%2Fv2%2Fmedia&parent=253"}],"curies":[{"name":"wp","href":"https:\/\/api.w.org\/{rel}","templated":true}]}}