{"id":500,"date":"2025-05-28T17:22:29","date_gmt":"2025-05-28T20:22:29","guid":{"rendered":"https:\/\/contier.com.br\/?page_id=500"},"modified":"2025-05-29T10:30:40","modified_gmt":"2025-05-29T13:30:40","slug":"ed-corpo","status":"publish","type":"page","link":"https:\/\/contier.com.br\/?page_id=500","title":{"rendered":"Ed. Corporativos"},"content":{"rendered":"\t\t<div data-elementor-type=\"wp-page\" data-elementor-id=\"500\" class=\"elementor elementor-500\">\n\t\t\t\t<div class=\"elementor-element elementor-element-09fcb8f e-flex e-con-boxed e-con e-parent\" data-id=\"09fcb8f\" data-element_type=\"container\" data-settings=\"{&quot;background_background&quot;:&quot;classic&quot;}\">\n\t\t\t\t\t<div class=\"e-con-inner\">\n\t\t<div class=\"elementor-element elementor-element-1a84059 e-con-full e-flex e-con e-child\" data-id=\"1a84059\" data-element_type=\"container\">\n\t\t\t\t<div class=\"elementor-element elementor-element-00bb9ef elementor-widget elementor-widget-image\" data-id=\"00bb9ef\" data-element_type=\"widget\" data-widget_type=\"image.default\">\n\t\t\t\t<div class=\"elementor-widget-container\">\n\t\t\t\t\t\t\t\t\t\t\t\t\t\t\t\t<a href=\"https:\/\/contier.com.br\/?page_id=524\">\n\t\t\t\t\t\t\t<img fetchpriority=\"high\" decoding=\"async\" width=\"600\" height=\"635\" src=\"https:\/\/contier.com.br\/wp-content\/uploads\/2025\/05\/petro-ind.png\" class=\"attachment-large size-large wp-image-471\" alt=\"\" srcset=\"https:\/\/contier.com.br\/wp-content\/uploads\/2025\/05\/petro-ind.png 600w, https:\/\/contier.com.br\/wp-content\/uploads\/2025\/05\/petro-ind-283x300.png 283w\" sizes=\"(max-width: 600px) 100vw, 600px\" \/>\t\t\t\t\t\t\t\t<\/a>\n\t\t\t\t\t\t\t\t\t\t\t\t\t\t\t<\/div>\n\t\t\t\t<\/div>\n\t\t\t\t<div class=\"elementor-element elementor-element-f156db8 elementor-widget elementor-widget-heading\" data-id=\"f156db8\" data-element_type=\"widget\" data-widget_type=\"heading.default\">\n\t\t\t\t<div class=\"elementor-widget-container\">\n\t\t\t\t\t<h2 class=\"elementor-heading-title elementor-size-default\"><a href=\"https:\/\/contier.com.br\/?page_id=524\">Edif\u00edcio Petrobr\u00e1s em Santos<\/a><\/h2>\t\t\t\t<\/div>\n\t\t\t\t<\/div>\n\t\t\t\t<\/div>\n\t\t<div class=\"elementor-element elementor-element-0dbc2e3 e-con-full e-flex e-con e-child\" data-id=\"0dbc2e3\" data-element_type=\"container\">\n\t\t\t\t<div class=\"elementor-element elementor-element-e562d89 elementor-widget elementor-widget-image\" data-id=\"e562d89\" data-element_type=\"widget\" data-widget_type=\"image.default\">\n\t\t\t\t<div class=\"elementor-widget-container\">\n\t\t\t\t\t\t\t\t\t\t\t\t\t\t\t\t<a href=\"https:\/\/contier.com.br\/?page_id=465\">\n\t\t\t\t\t\t\t<img decoding=\"async\" width=\"600\" height=\"635\" src=\"https:\/\/contier.com.br\/wp-content\/uploads\/2025\/05\/b32-ind.png\" class=\"attachment-large size-large wp-image-470\" alt=\"\" srcset=\"https:\/\/contier.com.br\/wp-content\/uploads\/2025\/05\/b32-ind.png 600w, https:\/\/contier.com.br\/wp-content\/uploads\/2025\/05\/b32-ind-283x300.png 283w\" sizes=\"(max-width: 600px) 100vw, 600px\" \/>\t\t\t\t\t\t\t\t<\/a>\n\t\t\t\t\t\t\t\t\t\t\t\t\t\t\t<\/div>\n\t\t\t\t<\/div>\n\t\t\t\t<div class=\"elementor-element elementor-element-42344b5 elementor-widget elementor-widget-heading\" data-id=\"42344b5\" data-element_type=\"widget\" data-widget_type=\"heading.default\">\n\t\t\t\t<div class=\"elementor-widget-container\">\n\t\t\t\t\t<h2 class=\"elementor-heading-title elementor-size-default\"><a href=\"https:\/\/contier.com.br\/?page_id=465\">Edif\u00edcio B32<\/a><\/h2>\t\t\t\t<\/div>\n\t\t\t\t<\/div>\n\t\t\t\t<\/div>\n\t\t\t\t\t<\/div>\n\t\t\t\t<\/div>\n\t\t\t\t<\/div>\n\t\t","protected":false},"excerpt":{"rendered":"<p>Edif\u00edcio Petrobr\u00e1s em Santos Edif\u00edcio B32<\/p>\n","protected":false},"author":1,"featured_media":0,"parent":0,"menu_order":0,"comment_status":"closed","ping_status":"closed","template":"","meta":{"footnotes":""},"class_list":["post-500","page","type-page","status-publish","hentry"],"_links":{"self":[{"href":"https:\/\/contier.com.br\/index.php?rest_route=\/wp\/v2\/pages\/500","targetHints":{"allow":["GET"]}}],"collection":[{"href":"https:\/\/contier.com.br\/index.php?rest_route=\/wp\/v2\/pages"}],"about":[{"href":"https:\/\/contier.com.br\/index.php?rest_route=\/wp\/v2\/types\/page"}],"author":[{"embeddable":true,"href":"https:\/\/contier.com.br\/index.php?rest_route=\/wp\/v2\/users\/1"}],"replies":[{"embeddable":true,"href":"https:\/\/contier.com.br\/index.php?rest_route=%2Fwp%2Fv2%2Fcomments&post=500"}],"version-history":[{"count":0,"href":"https:\/\/contier.com.br\/index.php?rest_route=\/wp\/v2\/pages\/500\/revisions"}],"wp:attachment":[{"href":"https:\/\/contier.com.br\/index.php?rest_route=%2Fwp%2Fv2%2Fmedia&parent=500"}],"curies":[{"name":"wp","href":"https:\/\/api.w.org\/{rel}","templated":true}]}}