{"id":94,"date":"2025-05-22T17:59:26","date_gmt":"2025-05-22T20:59:26","guid":{"rendered":"http:\/\/contier.com.br\/?page_id=94"},"modified":"2025-06-04T18:33:39","modified_gmt":"2025-06-04T21:33:39","slug":"sobre","status":"publish","type":"page","link":"https:\/\/contier.com.br\/?page_id=94","title":{"rendered":"Sobre"},"content":{"rendered":"\t\t<div data-elementor-type=\"wp-page\" data-elementor-id=\"94\" class=\"elementor elementor-94\">\n\t\t\t\t<div class=\"elementor-element elementor-element-d81128b e-con-full e-flex e-con e-parent\" data-id=\"d81128b\" data-element_type=\"container\">\n\t\t<div class=\"elementor-element elementor-element-8dec071 e-flex e-con-boxed e-con e-child\" data-id=\"8dec071\" data-element_type=\"container\">\n\t\t\t\t\t<div class=\"e-con-inner\">\n\t\t<div class=\"elementor-element elementor-element-ce57ed1 e-con-full e-flex e-con e-child\" data-id=\"ce57ed1\" data-element_type=\"container\" data-settings=\"{&quot;background_background&quot;:&quot;gradient&quot;}\">\n\t\t\t\t<div class=\"elementor-element elementor-element-4441d23 elementor-widget elementor-widget-text-editor\" data-id=\"4441d23\" data-element_type=\"widget\" data-widget_type=\"text-editor.default\">\n\t\t\t\t<div class=\"elementor-widget-container\">\n\t\t\t\t\t\t\t\t\t<p>Al\u00e9m do hist\u00f3rico e curr\u00edculo de uma empresa de Arquitetura e Urbanismo, no mercado h\u00e1 mais de 40 anos, em projetos de todo porte,<strong> Contier Arquitetura<\/strong> \u00e9 pioneira na ado\u00e7\u00e3o do Building Information Modeling (BIM) no Brasil. Desde 2002, quando a plataforma BIM foi adotada pela empresa, a Contier Arquitetura tem ajudado a estabelecer as melhores pr\u00e1ticas e introduzido novos padr\u00f5es.<\/p><p>Ao longo de sua hist\u00f3ria entre outros pioneirismos, foi a primeira empresa no Brasil a adotar a plataforma de projeto Revit (2002) e a primeira empresa a ser contratada em licita\u00e7\u00e3o de projeto de edif\u00edcio de grande porte (100.000 m\u00b2) e alta complexidade com a exig\u00eancia de BIM: a sede Petrobras em Santos (2011). Nesse contrato pela primeira vez se exigiu no Brasil a compatibiliza\u00e7\u00e3o em BIM dos projetos de arquitetura com mais de 20 projetos de outras disciplinas.<\/p><p>S\u00e3o projetos de destaque o Edif\u00edcio B32 (120.000 m\u00b2), o empreendimento \u201cO Parque\u201d com quatro torres (230.000 m\u00b2)<\/p>\t\t\t\t\t\t\t\t<\/div>\n\t\t\t\t<\/div>\n\t\t\t\t<\/div>\n\t\t\t\t\t<\/div>\n\t\t\t\t<\/div>\n\t\t\t\t<\/div>\n\t\t\t\t<\/div>\n\t\t","protected":false},"excerpt":{"rendered":"<p>Al\u00e9m do hist\u00f3rico e curr\u00edculo de uma empresa de Arquitetura e Urbanismo, no mercado h\u00e1 mais de 40 anos, em projetos de todo porte, Contier Arquitetura \u00e9 pioneira na ado\u00e7\u00e3o do Building Information Modeling (BIM) no Brasil. Desde 2002, quando a plataforma BIM foi adotada pela empresa, a Contier Arquitetura tem ajudado a estabelecer as [&hellip;]<\/p>\n","protected":false},"author":1,"featured_media":0,"parent":0,"menu_order":0,"comment_status":"closed","ping_status":"closed","template":"elementor_header_footer","meta":{"footnotes":""},"class_list":["post-94","page","type-page","status-publish","hentry"],"_links":{"self":[{"href":"https:\/\/contier.com.br\/index.php?rest_route=\/wp\/v2\/pages\/94","targetHints":{"allow":["GET"]}}],"collection":[{"href":"https:\/\/contier.com.br\/index.php?rest_route=\/wp\/v2\/pages"}],"about":[{"href":"https:\/\/contier.com.br\/index.php?rest_route=\/wp\/v2\/types\/page"}],"author":[{"embeddable":true,"href":"https:\/\/contier.com.br\/index.php?rest_route=\/wp\/v2\/users\/1"}],"replies":[{"embeddable":true,"href":"https:\/\/contier.com.br\/index.php?rest_route=%2Fwp%2Fv2%2Fcomments&post=94"}],"version-history":[{"count":0,"href":"https:\/\/contier.com.br\/index.php?rest_route=\/wp\/v2\/pages\/94\/revisions"}],"wp:attachment":[{"href":"https:\/\/contier.com.br\/index.php?rest_route=%2Fwp%2Fv2%2Fmedia&parent=94"}],"curies":[{"name":"wp","href":"https:\/\/api.w.org\/{rel}","templated":true}]}}