{"id":96,"date":"2025-05-22T18:03:39","date_gmt":"2025-05-22T21:03:39","guid":{"rendered":"http:\/\/contier.com.br\/?page_id=96"},"modified":"2025-06-03T07:51:31","modified_gmt":"2025-06-03T10:51:31","slug":"contato","status":"publish","type":"page","link":"https:\/\/contier.com.br\/?page_id=96","title":{"rendered":"Depoimentos"},"content":{"rendered":"\t\t<div data-elementor-type=\"wp-page\" data-elementor-id=\"96\" class=\"elementor elementor-96\">\n\t\t\t\t<div class=\"elementor-element elementor-element-653bf7e e-flex e-con-boxed e-con e-parent\" data-id=\"653bf7e\" data-element_type=\"container\" data-settings=\"{&quot;background_background&quot;:&quot;classic&quot;}\">\n\t\t\t\t\t<div class=\"e-con-inner\">\n\t\t\t\t<div class=\"elementor-element elementor-element-66ebefa elementor-widget__width-initial elementor-widget-mobile__width-initial elementor-widget elementor-widget-testimonial\" data-id=\"66ebefa\" data-element_type=\"widget\" data-widget_type=\"testimonial.default\">\n\t\t\t\t<div class=\"elementor-widget-container\">\n\t\t\t\t\t\t\t<div class=\"elementor-testimonial-wrapper\">\n\t\t\t\t\t\t\t<div class=\"elementor-testimonial-content\">Gostaria de agradecer e enaltecer o trabalho realizado pela Contier Arquitetura no desenvolvimento do projeto executivo da Unidade de Neg\u00f3cio da Bacia de Santos da Petrobras que foi constru\u00edda na cidade de Santos\/SP. Foi extremamente desafiadora a realiza\u00e7\u00e3o de um projeto desse porte, utilizando BIM, pelo seu pioneirismo e complexidade.\n\nO projeto envolveu 35 disciplinas em uma \u00e1rea constru\u00edda de 85.000 m\u00b2, com a utiliza\u00e7\u00e3o de conceitos de sustentabilidade e efici\u00eancia energ\u00e9tica que permitiram a Certifica\u00e7\u00e3o LEED do empreendimento.\n\nGra\u00e7as \u00e0 expertise, dedica\u00e7\u00e3o e compet\u00eancia da equipe envolvida nesse trabalho, conseguimos obter um resultado excelente que foi reconhecido e premiado pela sua inova\u00e7\u00e3o no cen\u00e1rio da constru\u00e7\u00e3o civil.<\/div>\n\t\t\t\n\t\t\t\t\t\t<div class=\"elementor-testimonial-meta elementor-has-image elementor-testimonial-image-position-aside\">\n\t\t\t\t<div class=\"elementor-testimonial-meta-inner\">\n\t\t\t\t\t\t\t\t\t\t\t<div class=\"elementor-testimonial-image\">\n\t\t\t\t\t\t\t<img fetchpriority=\"high\" decoding=\"async\" width=\"334\" height=\"391\" src=\"https:\/\/contier.com.br\/wp-content\/uploads\/2025\/05\/Marco-Mota-2.jpg\" class=\"attachment-full size-full wp-image-236\" alt=\"\" srcset=\"https:\/\/contier.com.br\/wp-content\/uploads\/2025\/05\/Marco-Mota-2.jpg 334w, https:\/\/contier.com.br\/wp-content\/uploads\/2025\/05\/Marco-Mota-2-256x300.jpg 256w\" sizes=\"(max-width: 334px) 100vw, 334px\" \/>\t\t\t\t\t\t<\/div>\n\t\t\t\t\t\n\t\t\t\t\t\t\t\t\t\t<div class=\"elementor-testimonial-details\">\n\t\t\t\t\t\t\t\t\t\t\t\t\t\t<div class=\"elementor-testimonial-name\">Marco Nascimento Mota<\/div>\n\t\t\t\t\t\t\t\t\t\t\t\t\t\t\t\t\t\t\t\t\t\t<div class=\"elementor-testimonial-job\">Eng. Petrobras<\/div>\n\t\t\t\t\t\t\t\t\t\t\t\t\t<\/div>\n\t\t\t\t\t\t\t\t\t<\/div>\n\t\t\t<\/div>\n\t\t\t\t\t<\/div>\n\t\t\t\t\t\t<\/div>\n\t\t\t\t<\/div>\n\t\t\t\t<div class=\"elementor-element elementor-element-05f795e elementor-widget__width-initial elementor-widget-mobile__width-initial elementor-widget elementor-widget-testimonial\" data-id=\"05f795e\" data-element_type=\"widget\" data-widget_type=\"testimonial.default\">\n\t\t\t\t<div class=\"elementor-widget-container\">\n\t\t\t\t\t\t\t<div class=\"elementor-testimonial-wrapper\">\n\t\t\t\t\t\t\t<div class=\"elementor-testimonial-content\">Quando decidimos que todos os projetos do B32 seriam em BIM, tivemos dificuldade em encontrar empresas que pudessem trabalhar conosco nessa modalidade que ainda era uma novidade em nosso mercado.\n  \nContratamos o escrit\u00f3rio do Contier e ficamos muito bem impressionados com a qualidade e o profissionalismo da equipe.\n\nHoje tenho certeza de que somente conseguimos atingir nosso objetivo de colocar todo projeto do B32 em BIM, foi gra\u00e7as a podermos contar com a colabora\u00e7\u00e3o do Contier.\n<\/div>\n\t\t\t\n\t\t\t\t\t\t<div class=\"elementor-testimonial-meta elementor-has-image elementor-testimonial-image-position-aside\">\n\t\t\t\t<div class=\"elementor-testimonial-meta-inner\">\n\t\t\t\t\t\t\t\t\t\t\t<div class=\"elementor-testimonial-image\">\n\t\t\t\t\t\t\t<img decoding=\"async\" width=\"370\" height=\"493\" src=\"https:\/\/contier.com.br\/wp-content\/uploads\/2025\/05\/Rafael-Birmann-2.jpg\" class=\"attachment-full size-full wp-image-237\" alt=\"\" srcset=\"https:\/\/contier.com.br\/wp-content\/uploads\/2025\/05\/Rafael-Birmann-2.jpg 370w, https:\/\/contier.com.br\/wp-content\/uploads\/2025\/05\/Rafael-Birmann-2-225x300.jpg 225w\" sizes=\"(max-width: 370px) 100vw, 370px\" \/>\t\t\t\t\t\t<\/div>\n\t\t\t\t\t\n\t\t\t\t\t\t\t\t\t\t<div class=\"elementor-testimonial-details\">\n\t\t\t\t\t\t\t\t\t\t\t\t\t\t<div class=\"elementor-testimonial-name\">Rafael Birmann<\/div>\n\t\t\t\t\t\t\t\t\t\t\t\t\t\t\t\t\t\t\t\t\t\t<div class=\"elementor-testimonial-job\">CEO FLPP<\/div>\n\t\t\t\t\t\t\t\t\t\t\t\t\t<\/div>\n\t\t\t\t\t\t\t\t\t<\/div>\n\t\t\t<\/div>\n\t\t\t\t\t<\/div>\n\t\t\t\t\t\t<\/div>\n\t\t\t\t<\/div>\n\t\t\t\t<div class=\"elementor-element elementor-element-41c5961 elementor-widget__width-initial elementor-widget-mobile__width-initial elementor-widget elementor-widget-testimonial\" data-id=\"41c5961\" data-element_type=\"widget\" data-widget_type=\"testimonial.default\">\n\t\t\t\t<div class=\"elementor-widget-container\">\n\t\t\t\t\t\t\t<div class=\"elementor-testimonial-wrapper\">\n\t\t\t\t\t\t\t<div class=\"elementor-testimonial-content\">Tenho a satisfa\u00e7\u00e3o de acompanhar o trabalho da Contier Arquitetura desde 2011. Tive a oportunidade de contrat\u00e1-los para desenvolvimento de arquitetura em processo BIM no projeto B32, onde demonstraram total dom\u00ednio t\u00e9cnico, organiza\u00e7\u00e3o e comprometimento com a qualidade da entrega.\n\nA equipe \u00e9 extremamente profissional \u2014 em especial Miriam e Amanda, que conduziram os trabalhos com excel\u00eancia e proatividade. J\u00e1 indicamos o escrit\u00f3rio para outros dois projetos de grande porte, certos de que manter\u00e3o o alto n\u00edvel t\u00e9cnico e a postura colaborativa que sempre apresentaram.\n\nPara n\u00f3s, \u00e9 uma grande tranquilidade contar com a Contier em empreendimentos de alta complexidade. Esperamos ter novas oportunidades de trabalhar em conjunto num futuro pr\u00f3ximo, complementando nossos conhecimentos em BIM e gest\u00e3o de projetos com a expertise e sensibilidade t\u00e9cnica da equipe Contier.<\/div>\n\t\t\t\n\t\t\t\t\t\t<div class=\"elementor-testimonial-meta elementor-has-image elementor-testimonial-image-position-aside\">\n\t\t\t\t<div class=\"elementor-testimonial-meta-inner\">\n\t\t\t\t\t\t\t\t\t\t\t<div class=\"elementor-testimonial-image\">\n\t\t\t\t\t\t\t<img decoding=\"async\" width=\"100\" height=\"100\" src=\"https:\/\/contier.com.br\/wp-content\/uploads\/2025\/05\/Renato-Costa-da-Silva-2.jpg\" class=\"attachment-full size-full wp-image-238\" alt=\"\" \/>\t\t\t\t\t\t<\/div>\n\t\t\t\t\t\n\t\t\t\t\t\t\t\t\t\t<div class=\"elementor-testimonial-details\">\n\t\t\t\t\t\t\t\t\t\t\t\t\t\t<div class=\"elementor-testimonial-name\">Renato Silva<\/div>\n\t\t\t\t\t\t\t\t\t\t\t\t\t\t\t\t\t\t\t\t\t\t<div class=\"elementor-testimonial-job\">Carop\u00e1 aec<\/div>\n\t\t\t\t\t\t\t\t\t\t\t\t\t<\/div>\n\t\t\t\t\t\t\t\t\t<\/div>\n\t\t\t<\/div>\n\t\t\t\t\t<\/div>\n\t\t\t\t\t\t<\/div>\n\t\t\t\t<\/div>\n\t\t\t\t\t<\/div>\n\t\t\t\t<\/div>\n\t\t\t\t<\/div>\n\t\t","protected":false},"excerpt":{"rendered":"<p>Gostaria de agradecer e enaltecer o trabalho realizado pela Contier Arquitetura no desenvolvimento do projeto executivo da Unidade de Neg\u00f3cio da Bacia de Santos da Petrobras que foi constru\u00edda na cidade de Santos\/SP. Foi extremamente desafiadora a realiza\u00e7\u00e3o de um projeto desse porte, utilizando BIM, pelo seu pioneirismo e complexidade. O projeto envolveu 35 disciplinas [&hellip;]<\/p>\n","protected":false},"author":1,"featured_media":0,"parent":0,"menu_order":0,"comment_status":"closed","ping_status":"closed","template":"elementor_header_footer","meta":{"footnotes":""},"class_list":["post-96","page","type-page","status-publish","hentry"],"_links":{"self":[{"href":"https:\/\/contier.com.br\/index.php?rest_route=\/wp\/v2\/pages\/96","targetHints":{"allow":["GET"]}}],"collection":[{"href":"https:\/\/contier.com.br\/index.php?rest_route=\/wp\/v2\/pages"}],"about":[{"href":"https:\/\/contier.com.br\/index.php?rest_route=\/wp\/v2\/types\/page"}],"author":[{"embeddable":true,"href":"https:\/\/contier.com.br\/index.php?rest_route=\/wp\/v2\/users\/1"}],"replies":[{"embeddable":true,"href":"https:\/\/contier.com.br\/index.php?rest_route=%2Fwp%2Fv2%2Fcomments&post=96"}],"version-history":[{"count":0,"href":"https:\/\/contier.com.br\/index.php?rest_route=\/wp\/v2\/pages\/96\/revisions"}],"wp:attachment":[{"href":"https:\/\/contier.com.br\/index.php?rest_route=%2Fwp%2Fv2%2Fmedia&parent=96"}],"curies":[{"name":"wp","href":"https:\/\/api.w.org\/{rel}","templated":true}]}}